{"id":157,"date":"2015-06-01T18:22:06","date_gmt":"2015-06-01T16:22:06","guid":{"rendered":"http:\/\/aidgovernance.org.gracchus.sui-inter.net\/?page_id=157"},"modified":"2015-06-12T14:17:36","modified_gmt":"2015-06-12T12:17:36","slug":"ueber-uns-3","status":"publish","type":"page","link":"https:\/\/www.aidgovernance.org\/fitnessradar\/ueber-uns-3\/","title":{"rendered":"\u00dcber uns"},"content":{"rendered":"<h2>\u00dcber uns<\/h2>\n<h3>Aid Governance Stiftung<\/h3>\n<p>Aid Governance ist eine unabh\u00e4ngige, in der Schweiz gegr\u00fcndete und international t\u00e4tige Nonprofit-Organisation. Sie ist hervorgegangen aus den Erkenntnissen mehrj\u00e4hriger wissenschaftlicher Forschung an der Universit\u00e4t St. Gallen und aus in der Praxis gewonnenen Erfahrungen. Aid Governance ist seit 2008 eine in der Schweiz registrierte, steuerbefreite Stiftung. Aid Governance arbeitet gem\u00e4ss ihrer Satzung ausschliesslich operativ und nicht f\u00f6rdernd. Sie vergibt keine Stipendien oder finanzielle Unterst\u00fctzungen an Projekte Dritter. Bitte haben Sie Verst\u00e4ndnis, dass F\u00f6rderantr\u00e4ge nicht bearbeitet werden k\u00f6nnen.<\/p>\n<h3>Team<\/h3>\n<h4>Foundation Board Members<\/h4>\n<p>Mr. Silvio Ponti, Dipl. Ing. ETH, President of the Foundation Board<br \/>\nDeputy-CEO, SIKA Group<\/p>\n<p>Mr. Patrick S. Renz, Prof. Dr.<br \/>\nManaging Director, Fastenopfer<\/p>\n<p>Ms. Ursula Sury, Prof.<br \/>\nLawyer; Lecturer, Lucerne University of Applied Sciences and Arts; Founder and Managing Director, IT &amp; LAW Consulting GmbH<\/p>\n<p>Ms. Evelyn S. Braun, Switzerland<br \/>\nFounder of Braun Partner GmbH; Former Managing Director, Avina Stiftung<\/p>\n<h4>Advisory Board Members<\/h4>\n<p>Ms. Marianne Camerer, Ph.D., South Africa<br \/>\nCo-Founder and International Director of Global Integrity<\/p>\n<p>Mr. Andrew Mwenda, United States and Uganda<br \/>\nJournalist and Founding member of ACODE, a public policy research think-tank in Kampala. Founder and Managing Director of the Independent, Uganda.<\/p>\n<p>Ms. Margarita In\u00e9s Restrepo, Colombia<br \/>\nManaging Director, Corporaci\u00f3n Antioquia Presente<\/p>\n<p>Ms. Jacqueline Wakhweya, Uganda<br \/>\nDevelopment Finance Specialist, USAID<\/p>\n<h4>Management team<\/h4>\n<p>Mr. Mosi Mresse, PD Dr., Technology<br \/>\n<a href=\"mailto:mosi.mresse@aidgovernance.org\">mosi.mresse@aidgovernance.org<\/a><\/p>\n<p>Mr. Philipp Brun, B.Sc., Finance<br \/>\n<a href=\"mailto:philipp.brun@aidgovernance.org\">philipp.brun@aidgovernance.org<\/a><\/p>\n<p>Ms. Irena Wettstein, B.Sc., Communication &amp; Projects<br \/>\n<a href=\"mailto:irena.wettstein@aidgovernance.org\">irena.wettstein@aidgovernance.org<\/a><\/p>\n<h4>Staff<\/h4>\n<p>Mr. Alex L\u00f6tscher, lic. rer. pol., dipl. Wirtschaftspr\u00fcfer<\/p>\n<p>Mr. Silvan Stricker, M.Sc., Betriebs\u00f6konom FH<\/p>\n<p>Ms. Yvonne Ammann<\/p>\n<p>Mr. Michael Derrer, MA Public Policy Management<\/p>\n<p>Mr. Chris Meyer, Dipl. Ing. ETH, M.Sc., MBA<\/p>\n<p>Mr. Declan Timoney, B. Comm., Dip. Prof Acc., F.C.A.<\/p>\n<p>Ms. Muriel Traber<\/p>\n<p>Mr. Dimitri Voney<\/p>\n<h3><\/h3>\n<h3>Partners und Associates<\/h3>\n<p><img src=\"http:\/\/www.aidgovernance.org\/images\/stories\/logo_valuequest.gif\" alt=\"\" \/>\u00a0\u00a0\u00a0\u00a0\u00a0\u00a0\u00a0 \u00a0\u00a0 \u00a0\u00a0 <img src=\"http:\/\/www.aidgovernance.org\/images\/stories\/logo_fabware.png\" alt=\"\" \/>\u00a0\u00a0\u00a0 \u00a0 \u00a0 \u00a0 \u00a0 \u00a0 \u00a0 \u00a0 \u00a0 \u00a0 \u00a0 \u00a0 <img src=\"http:\/\/www.pushandpull.ch\/fileadmin\/image\/logo\/logo.png\" alt=\"\" \/><\/p>\n<p>&nbsp;<\/p>\n<p><img src=\"http:\/\/www.aidgovernance.org\/images\/stories\/logo_hslu.gif\" alt=\"\" \/>\u00a0\u00a0\u00a0\u00a0 \u00a0 \u00a0 \u00a0 \u00a0 \u00a0\u00a0 <img src=\"http:\/\/www.aidgovernance.org\/images\/stories\/logo-avina-stiftung.gif\" alt=\"\" \/>\u00a0\u00a0\u00a0\u00a0\u00a0\u00a0\u00a0\u00a0\u00a0\u00a0\u00a0\u00a0\u00a0\u00a0\u00a0\u00a0\u00a0\u00a0\u00a0 \u00a0 \u00a0\u00a0<img src=\"http:\/\/www.siegfried-informatik.ch\/wp-content\/uploads\/2013\/10\/logo_neu1-300x62.png\" alt=\"\" \/><\/p>\n<p>&nbsp;<\/p>\n","protected":false},"excerpt":{"rendered":"<p>\u00dcber uns Aid Governance Stiftung Aid Governance ist eine unabh\u00e4ngige, in der Schweiz gegr\u00fcndete und international t\u00e4tige Nonprofit-Organisation. Sie ist hervorgegangen aus den Erkenntnissen mehrj\u00e4hriger wissenschaftlicher Forschung an der Universit\u00e4t St. Gallen und aus in der Praxis gewonnenen Erfahrungen. Aid Governance ist seit 2008 eine in der Schweiz registrierte, steuerbefreite Stiftung. Aid Governance arbeitet gem\u00e4ss ihrer Satzung ausschliesslich operativ und nicht f\u00f6rdernd. Sie vergibt keine Stipendien oder finanzielle Unterst\u00fctzungen an Projekte Dritter. Bitte haben Sie Verst\u00e4ndnis, dass F\u00f6rderantr\u00e4ge nicht bearbeitet werden k\u00f6nnen. Team Foundation Board Members Mr. Silvio Ponti, Dipl. Ing. ETH, President of the Foundation Board Deputy-CEO, SIKA Group Mr. Patrick S. Renz, Prof. Dr. Managing Director, Fastenopfer Ms. Ursula Sury, Prof. Lawyer; Lecturer, Lucerne University of Applied Sciences and Arts; Founder and Managing Director, IT &amp; LAW Consulting GmbH Ms. Evelyn S. Braun, Switzerland Founder of Braun Partner GmbH; Former Managing Director, Avina Stiftung Advisory Board Members Ms. Marianne Camerer, Ph.D., South Africa Co-Founder and International Director of Global Integrity Mr. Andrew Mwenda, United States and Uganda Journalist and Founding member of ACODE, a public policy research think-tank in Kampala. Founder and Managing Director of the Independent, Uganda. Ms. Margarita In\u00e9s Restrepo, Colombia Managing Director, Corporaci\u00f3n Antioquia Presente Ms. Jacqueline Wakhweya, Uganda Development Finance Specialist, USAID Management team Mr. Mosi Mresse, PD Dr., Technology mosi.mresse@aidgovernance.org Mr. Philipp Brun, B.Sc., Finance philipp.brun@aidgovernance.org Ms. Irena Wettstein, B.Sc., Communication &amp; Projects irena.wettstein@aidgovernance.org Staff Mr. Alex L\u00f6tscher, lic. rer. pol., dipl. Wirtschaftspr\u00fcfer Mr. Silvan Stricker, M.Sc., Betriebs\u00f6konom FH Ms. Yvonne Ammann Mr. Michael Derrer, MA Public Policy Management Mr. Chris Meyer, Dipl. Ing. ETH, M.Sc., MBA Mr. Declan Timoney, B. Comm., Dip. Prof Acc., F.C.A. Ms. Muriel Traber Mr. Dimitri Voney Partners und Associates \u00a0\u00a0\u00a0\u00a0\u00a0\u00a0\u00a0 \u00a0\u00a0 \u00a0\u00a0 \u00a0\u00a0\u00a0 \u00a0 \u00a0 \u00a0 \u00a0 \u00a0 \u00a0 \u00a0 \u00a0 \u00a0 \u00a0 \u00a0 &nbsp; \u00a0\u00a0\u00a0\u00a0 \u00a0 \u00a0 \u00a0 \u00a0 \u00a0\u00a0 \u00a0\u00a0\u00a0\u00a0\u00a0\u00a0\u00a0\u00a0\u00a0\u00a0\u00a0\u00a0\u00a0\u00a0\u00a0\u00a0\u00a0\u00a0\u00a0 \u00a0 \u00a0\u00a0 &nbsp;<\/p>\n","protected":false},"author":1,"featured_media":0,"parent":0,"menu_order":0,"comment_status":"open","ping_status":"open","template":"","meta":[],"_links":{"self":[{"href":"https:\/\/www.aidgovernance.org\/fitnessradar\/wp-json\/wp\/v2\/pages\/157"}],"collection":[{"href":"https:\/\/www.aidgovernance.org\/fitnessradar\/wp-json\/wp\/v2\/pages"}],"about":[{"href":"https:\/\/www.aidgovernance.org\/fitnessradar\/wp-json\/wp\/v2\/types\/page"}],"author":[{"embeddable":true,"href":"https:\/\/www.aidgovernance.org\/fitnessradar\/wp-json\/wp\/v2\/users\/1"}],"replies":[{"embeddable":true,"href":"https:\/\/www.aidgovernance.org\/fitnessradar\/wp-json\/wp\/v2\/comments?post=157"}],"version-history":[{"count":4,"href":"https:\/\/www.aidgovernance.org\/fitnessradar\/wp-json\/wp\/v2\/pages\/157\/revisions"}],"predecessor-version":[{"id":251,"href":"https:\/\/www.aidgovernance.org\/fitnessradar\/wp-json\/wp\/v2\/pages\/157\/revisions\/251"}],"wp:attachment":[{"href":"https:\/\/www.aidgovernance.org\/fitnessradar\/wp-json\/wp\/v2\/media?parent=157"}],"curies":[{"name":"wp","href":"https:\/\/api.w.org\/{rel}","templated":true}]}}