{"id":147,"date":"2015-06-01T18:20:12","date_gmt":"2015-06-01T16:20:12","guid":{"rendered":"http:\/\/aidgovernance.org.gracchus.sui-inter.net\/?page_id=147"},"modified":"2015-06-12T14:15:33","modified_gmt":"2015-06-12T12:15:33","slug":"buecher-und-links-2","status":"publish","type":"page","link":"https:\/\/www.aidgovernance.org\/fitnessradar\/buecher-und-links-2\/","title":{"rendered":"B\u00fccher und Downloads"},"content":{"rendered":"<h2>B\u00fccher und Downloads<\/h2>\n<h3>Empfohlene Lekt\u00fcre<\/h3>\n<p><em>Coming soon:<\/em> Stricker, S., Renz, P., L\u00f6tscher, A., Knecht, D. &amp; Riedweg, W. (2015). Soziale Organisationen wirkungsvoll f\u00fchren. Entwicklung dank ganzheitlicher Governance \u2013 ein Fitnessradar. Baden-Baden: Nomos.<\/p>\n<p>Renz, P.S. (2007). Project Governance. Implementing Corporate Governance and Business Ethics in Nonprofit Organizations. Berlin: Physica\/Springer. <a href=\"http:\/\/www.springer.com\/business\/entrepreneurship\/book\/978-3-7908-1926-7\" target=\"_blank\">Bestellen<\/a><\/p>\n<p>Renz, P.S. &amp; B\u00f6hrer. N. (2012). Niederlassungen f\u00fchren. Mit Subsidiary Governance zum Erfolg. Berlin\/Heidelberg: Springer Gabler. <a href=\"http:\/\/www.springer.com\/de\/book\/9783642313868\" target=\"_blank\">Bestellen<\/a><\/p>\n<p>Hilb, M &amp; Renz, P. (2009). New NPO Governance \u2013 Wirksame F\u00fchrung und Aufsicht von Not- for- Profit- Organisationen. Bern: Haupt. <a href=\"http:\/\/www.haupt.ch\/Verlag\/Buecher\/Wirtschaft-Recht\/Betriebswirtschaft\/Wirksame-Fuehrung-und-Aufsicht-von-Not-for-Profit-Organisationen.html?listtype=search&amp;searchparam=new%20npo%20governance\" target=\"_blank\">Bestellen<\/a><\/p>\n<h3>Downloads<\/h3>\n<p><a href=\"http:\/\/www.aidgovernance.org\/wp-content\/uploads\/2015\/05\/FlyerHomepage.pdf\" target=\"_blank\">Flyer<br \/>\n<\/a><a href=\"http:\/\/www.aidgovernance.org\/wp-content\/uploads\/2015\/05\/Details-Fitnessradar.pdf\" target=\"_blank\">Details Fitnessradar<br \/>\n<\/a><a href=\"http:\/\/www.aidgovernance.org\/wp-content\/uploads\/2015\/05\/PR-Artikel.pdf\" target=\"_blank\">PR-Artikel<br \/>\n<\/a><a href=\"http:\/\/www.aidgovernance.org\/wp-content\/uploads\/2015\/05\/Studie-Fitnessradar.pdf\" target=\"_blank\">Studie Fitnessradar<br \/>\n<\/a><a href=\"http:\/\/www.aidgovernance.org\/wp-content\/uploads\/2015\/05\/Fachartikel-INAS-Kongress-2014.pdf\" target=\"_blank\">Fachartikel INAS Kongress 2014<br \/>\n<\/a><a href=\"http:\/\/www.aidgovernance.org\/wp-content\/uploads\/2015\/05\/Medienmitteilung_Fitnessradar.pdf\" target=\"_blank\">Medienmitteilung Fitnessradar<\/a><\/p>\n<h3>Links<\/h3>\n<p><a href=\"http:\/\/www.hslu.ch\/fitnessradar\" target=\"_blank\">www.hslu.ch\/fitnessradar<\/a> (Hochschule Luzern, Projekt-Homepage Fitnessradar)<\/p>\n","protected":false},"excerpt":{"rendered":"<p>B\u00fccher und Downloads Empfohlene Lekt\u00fcre Coming soon: Stricker, S., Renz, P., L\u00f6tscher, A., Knecht, D. &amp; Riedweg, W. (2015). Soziale Organisationen wirkungsvoll f\u00fchren. Entwicklung dank ganzheitlicher Governance \u2013 ein Fitnessradar. Baden-Baden: Nomos. Renz, P.S. (2007). Project Governance. Implementing Corporate Governance and Business Ethics in Nonprofit Organizations. Berlin: Physica\/Springer. Bestellen Renz, P.S. &amp; B\u00f6hrer. N. (2012). Niederlassungen f\u00fchren. Mit Subsidiary Governance zum Erfolg. Berlin\/Heidelberg: Springer Gabler. Bestellen Hilb, M &amp; Renz, P. (2009). New NPO Governance \u2013 Wirksame F\u00fchrung und Aufsicht von Not- for- Profit- Organisationen. Bern: Haupt. Bestellen Downloads Flyer Details Fitnessradar PR-Artikel Studie Fitnessradar Fachartikel INAS Kongress 2014 Medienmitteilung Fitnessradar Links www.hslu.ch\/fitnessradar (Hochschule Luzern, Projekt-Homepage Fitnessradar)<\/p>\n","protected":false},"author":1,"featured_media":0,"parent":0,"menu_order":0,"comment_status":"open","ping_status":"open","template":"","meta":[],"_links":{"self":[{"href":"https:\/\/www.aidgovernance.org\/fitnessradar\/wp-json\/wp\/v2\/pages\/147"}],"collection":[{"href":"https:\/\/www.aidgovernance.org\/fitnessradar\/wp-json\/wp\/v2\/pages"}],"about":[{"href":"https:\/\/www.aidgovernance.org\/fitnessradar\/wp-json\/wp\/v2\/types\/page"}],"author":[{"embeddable":true,"href":"https:\/\/www.aidgovernance.org\/fitnessradar\/wp-json\/wp\/v2\/users\/1"}],"replies":[{"embeddable":true,"href":"https:\/\/www.aidgovernance.org\/fitnessradar\/wp-json\/wp\/v2\/comments?post=147"}],"version-history":[{"count":7,"href":"https:\/\/www.aidgovernance.org\/fitnessradar\/wp-json\/wp\/v2\/pages\/147\/revisions"}],"predecessor-version":[{"id":250,"href":"https:\/\/www.aidgovernance.org\/fitnessradar\/wp-json\/wp\/v2\/pages\/147\/revisions\/250"}],"wp:attachment":[{"href":"https:\/\/www.aidgovernance.org\/fitnessradar\/wp-json\/wp\/v2\/media?parent=147"}],"curies":[{"name":"wp","href":"https:\/\/api.w.org\/{rel}","templated":true}]}}