{"id":145,"date":"2015-06-01T18:20:01","date_gmt":"2015-06-01T16:20:01","guid":{"rendered":"http:\/\/aidgovernance.org.gracchus.sui-inter.net\/?page_id=145"},"modified":"2015-06-11T22:07:47","modified_gmt":"2015-06-11T20:07:47","slug":"forschung-2","status":"publish","type":"page","link":"https:\/\/www.aidgovernance.org\/fitnessradar\/forschung-2\/","title":{"rendered":"Forschung"},"content":{"rendered":"<h2>Forschung<\/h2>\n<p>Durch unsere enge Zusammenarbeit mit Hochschulen fliessen Praxiserfahrungen und neue Fragestellungen in Forschungsprojekte ein. Den Fitnessradar f\u00fcr soziale Organisationen haben wir in einem mehrj\u00e4hrigen Forschungsprojekt (2013-2013) zusammen mit den Departementen Wirtschaft und Soziale Arbeit der Hochschule Luzern und f\u00fcnf Partnerinnen und Partnern aus der Praxis entwickelt. Es handelt sich um das erste Instrument seiner Art, das konsequent an die Anspr\u00fcche von sozialen Organisationen angepasst ist. Durch den interdisziplin\u00e4ren Ansatz werden betriebswirtschaftliche und fachliche Anliegen gleichermassen ber\u00fccksichtigt. Das Instrument ist ganz auf die Praxis zugeschnitten \u2013 dank der Projektpartner Sozialamt Kanton Zug, Zuger Fachstelle \u2013 punkto Jugend und Kind Baar, Frauenzentrale Zug, Stiftung Maihof Zug und Transparency International.<\/p>\n<p>Das dem Fitnessradar zugrundeliegende Modell wurde urspr\u00fcnglich in einer mehrj\u00e4hrigen L\u00e4ngsschnittstudie an der Universit\u00e4t St. Gallen f\u00fcr Organisationen der Entwicklungszusammenarbeit entwickelt (2002-2006). In mehreren Forschungsprojekten mit verschiedenen Hochschulen wurde es dann weiter verfeinert. Mit Subsidiary Governance ist etwa ein Modell f\u00fcr die Privatwirtschaft entstanden. Das Modell hat sich unterdessen bereits \u00fcber mehrere Jahre und in dutzenden Anwendung in der Praxis bew\u00e4hrt. Der Fitnessradar f\u00fcr soziale Organisationen ist die neueste Umsetzung des Modells und nimmt alle wichtigen Themen des modernen Sozialmanagements auf.<\/p>\n<p>Download: <a href=\"http:\/\/www.aidgovernance.org\/fitnessradar\/wp-content\/uploads\/2015\/06\/Fachartikel-INAS-Kongress-2014.pdf\">Fachartikel INAS Kongress 2014<\/a>.<\/p>\n","protected":false},"excerpt":{"rendered":"<p>Forschung Durch unsere enge Zusammenarbeit mit Hochschulen fliessen Praxiserfahrungen und neue Fragestellungen in Forschungsprojekte ein. Den Fitnessradar f\u00fcr soziale Organisationen haben wir in einem mehrj\u00e4hrigen Forschungsprojekt (2013-2013) zusammen mit den Departementen Wirtschaft und Soziale Arbeit der Hochschule Luzern und f\u00fcnf Partnerinnen und Partnern aus der Praxis entwickelt. Es handelt sich um das erste Instrument seiner Art, das konsequent an die Anspr\u00fcche von sozialen Organisationen angepasst ist. Durch den interdisziplin\u00e4ren Ansatz werden betriebswirtschaftliche und fachliche Anliegen gleichermassen ber\u00fccksichtigt. Das Instrument ist ganz auf die Praxis zugeschnitten \u2013 dank der Projektpartner Sozialamt Kanton Zug, Zuger Fachstelle \u2013 punkto Jugend und Kind Baar, Frauenzentrale Zug, Stiftung Maihof Zug und Transparency International. Das dem Fitnessradar zugrundeliegende Modell wurde urspr\u00fcnglich in einer mehrj\u00e4hrigen L\u00e4ngsschnittstudie an der Universit\u00e4t St. Gallen f\u00fcr Organisationen der Entwicklungszusammenarbeit entwickelt (2002-2006). In mehreren Forschungsprojekten mit verschiedenen Hochschulen wurde es dann weiter verfeinert. Mit Subsidiary Governance ist etwa ein Modell f\u00fcr die Privatwirtschaft entstanden. Das Modell hat sich unterdessen bereits \u00fcber mehrere Jahre und in dutzenden Anwendung in der Praxis bew\u00e4hrt. Der Fitnessradar f\u00fcr soziale Organisationen ist die neueste Umsetzung des Modells und nimmt alle wichtigen Themen des modernen Sozialmanagements auf. Download: Fachartikel INAS Kongress 2014.<\/p>\n","protected":false},"author":1,"featured_media":0,"parent":0,"menu_order":0,"comment_status":"open","ping_status":"open","template":"","meta":[],"_links":{"self":[{"href":"https:\/\/www.aidgovernance.org\/fitnessradar\/wp-json\/wp\/v2\/pages\/145"}],"collection":[{"href":"https:\/\/www.aidgovernance.org\/fitnessradar\/wp-json\/wp\/v2\/pages"}],"about":[{"href":"https:\/\/www.aidgovernance.org\/fitnessradar\/wp-json\/wp\/v2\/types\/page"}],"author":[{"embeddable":true,"href":"https:\/\/www.aidgovernance.org\/fitnessradar\/wp-json\/wp\/v2\/users\/1"}],"replies":[{"embeddable":true,"href":"https:\/\/www.aidgovernance.org\/fitnessradar\/wp-json\/wp\/v2\/comments?post=145"}],"version-history":[{"count":6,"href":"https:\/\/www.aidgovernance.org\/fitnessradar\/wp-json\/wp\/v2\/pages\/145\/revisions"}],"predecessor-version":[{"id":242,"href":"https:\/\/www.aidgovernance.org\/fitnessradar\/wp-json\/wp\/v2\/pages\/145\/revisions\/242"}],"wp:attachment":[{"href":"https:\/\/www.aidgovernance.org\/fitnessradar\/wp-json\/wp\/v2\/media?parent=145"}],"curies":[{"name":"wp","href":"https:\/\/api.w.org\/{rel}","templated":true}]}}