{"id":10,"date":"2015-04-28T18:02:23","date_gmt":"2015-04-28T16:02:23","guid":{"rendered":"http:\/\/aidgovernance.org.gracchus.sui-inter.net\/d\/?page_id=10"},"modified":"2015-06-12T14:13:08","modified_gmt":"2015-06-12T12:13:08","slug":"home","status":"publish","type":"page","link":"https:\/\/www.aidgovernance.org\/fitnessradar\/","title":{"rendered":"Home"},"content":{"rendered":"<p>Der Fitnessradar ist ein neues F\u00fchrungsinstrument, das ganz auf die Bed\u00fcrfnisse von sozialen Organisationen zugeschnitten ist. Fitnessradar-Assessments erm\u00f6glichen es, Entwicklungspotentiale zu erkennen und so die Professionalit\u00e4t, Wirkung, Glaubw\u00fcrdigkeit, F\u00fchrungsqualit\u00e4t und Erneuerungsf\u00e4higkeit zu steigern. Erfahrene Experten beraten Organisationen bei der Anwendung.<\/p>\n<h3>Wir helfen unseren Partnern zu<\/h3>\n<ul>\n<li>Mehr Wirkungskraft (Impakt) durch<\/li>\n<li>h\u00f6here F\u00fchrungsqualit\u00e4t und<\/li>\n<li>ganzheitlichere Governance<br \/>\n<span style=\"color: #ffffff;\">&#8211;<\/span><\/li>\n<\/ul>\n<p style=\"text-align: right;\">\u00a0<a href=\"http:\/\/www.aidgovernance.org\">Hier geht es zu Internetseite der Stiftung Aid Governance<\/a><\/p>\n","protected":false},"excerpt":{"rendered":"<p>Der Fitnessradar ist ein neues F\u00fchrungsinstrument, das ganz auf die Bed\u00fcrfnisse von sozialen Organisationen zugeschnitten ist. Fitnessradar-Assessments erm\u00f6glichen es, Entwicklungspotentiale zu erkennen und so die Professionalit\u00e4t, Wirkung, Glaubw\u00fcrdigkeit, F\u00fchrungsqualit\u00e4t und Erneuerungsf\u00e4higkeit zu steigern. Erfahrene Experten beraten Organisationen bei der Anwendung. Wir helfen unseren Partnern zu Mehr Wirkungskraft (Impakt) durch h\u00f6here F\u00fchrungsqualit\u00e4t und ganzheitlichere Governance &#8211; \u00a0Hier geht es zu Internetseite der Stiftung Aid Governance<\/p>\n","protected":false},"author":1,"featured_media":0,"parent":0,"menu_order":0,"comment_status":"open","ping_status":"open","template":"","meta":[],"_links":{"self":[{"href":"https:\/\/www.aidgovernance.org\/fitnessradar\/wp-json\/wp\/v2\/pages\/10"}],"collection":[{"href":"https:\/\/www.aidgovernance.org\/fitnessradar\/wp-json\/wp\/v2\/pages"}],"about":[{"href":"https:\/\/www.aidgovernance.org\/fitnessradar\/wp-json\/wp\/v2\/types\/page"}],"author":[{"embeddable":true,"href":"https:\/\/www.aidgovernance.org\/fitnessradar\/wp-json\/wp\/v2\/users\/1"}],"replies":[{"embeddable":true,"href":"https:\/\/www.aidgovernance.org\/fitnessradar\/wp-json\/wp\/v2\/comments?post=10"}],"version-history":[{"count":11,"href":"https:\/\/www.aidgovernance.org\/fitnessradar\/wp-json\/wp\/v2\/pages\/10\/revisions"}],"predecessor-version":[{"id":249,"href":"https:\/\/www.aidgovernance.org\/fitnessradar\/wp-json\/wp\/v2\/pages\/10\/revisions\/249"}],"wp:attachment":[{"href":"https:\/\/www.aidgovernance.org\/fitnessradar\/wp-json\/wp\/v2\/media?parent=10"}],"curies":[{"name":"wp","href":"https:\/\/api.w.org\/{rel}","templated":true}]}}