{"id":230,"date":"2015-06-09T15:57:08","date_gmt":"2015-06-09T13:57:08","guid":{"rendered":"http:\/\/aidgovernance.org.gracchus.sui-inter.net\/aidgovernance\/e\/?page_id=230"},"modified":"2015-06-11T17:12:29","modified_gmt":"2015-06-11T15:12:29","slug":"customer-list","status":"publish","type":"page","link":"https:\/\/www.aidgovernance.org\/aidgovernance\/e\/customer-list\/","title":{"rendered":"Customer List"},"content":{"rendered":"<h2>Partners and Associates<\/h2>\n<p>Mentioned below an excerpt of the organisations that have relied on our expertise:<\/p>\n<p><img loading=\"lazy\" class=\"\" src=\"http:\/\/www.aidgovernance.org\/images\/stories\/welt_beige_web.jpg\" alt=\"welt_beige_web.jpg\" width=\"570\" height=\"326\" \/><\/p>\n<p>Arapa S.A.C.<\/p>\n<p>Association of Microfinance Institutions of Uganda (AMFIU)<\/p>\n<p>AVINA Stiftung<\/p>\n<p>Comit\u00e9 Privado de Asistencia a la Ni\u00f1ez \u2013 PAN<\/p>\n<p>Conciudadania<\/p>\n<p>Corporaci\u00f3n Antioquia Presente<\/p>\n<p>Corporaci\u00f3n Instituto de Capacitaci\u00f3n Los \u00c1lamos<\/p>\n<p>Corporaci\u00f3n Programa Desarrollo para la Paz &#8211; PRODEPAZ<\/p>\n<p>DANIDA Agricultural Sector Programme Support Uganda<\/p>\n<p>Department for International Development (DFID), United Kingdom<\/p>\n<p>Deutsche Gesellschaft f\u00fcr technische Zusammenarbeit (gtz)<\/p>\n<p>European Union (SUFFICE &#8211; Support Feasible Financial Institutions and Capacity-building Efforts)<\/p>\n<p>Fundaci\u00f3n Bienestar Humano<\/p>\n<p>Fundaci\u00f3n Integrar<\/p>\n<p>Fundaci\u00f3n Social<\/p>\n<p>Fundaci\u00f3n SODIS<\/p>\n<p>Fundaunib\u00e1n<\/p>\n<p>ILO International Labor Organization, Uganda<\/p>\n<p>Kanton Zug, Finanzdirektion<\/p>\n<p>Lucerne University of Applied Sciences and Arts<\/p>\n<p>RIS \u2013 Regional Innovation Strategies<\/p>\n<p>SNV (Netherlands Development Organization)<\/p>\n<p>Swedish International Development Agency (Sida)<\/p>\n<p>Swissaid Foundation<\/p>\n<p>Swisscontact Foundation<\/p>\n<p>UBS Optimus Foundation<\/p>\n<p>USAID \u2013 U.S. Agency of International Development<\/p>\n<p>Yinthway Foundation<\/p>\n","protected":false},"excerpt":{"rendered":"<p>Partners and Associates Mentioned below an excerpt of the organisations that have relied on our expertise: Arapa S.A.C. Association of Microfinance Institutions of Uganda (AMFIU) AVINA Stiftung Comit\u00e9 Privado de Asistencia a la Ni\u00f1ez \u2013 PAN Conciudadania Corporaci\u00f3n Antioquia Presente Corporaci\u00f3n Instituto de Capacitaci\u00f3n Los \u00c1lamos Corporaci\u00f3n Programa Desarrollo para la Paz &#8211; PRODEPAZ DANIDA Agricultural Sector Programme Support Uganda Department for International Development (DFID), United Kingdom Deutsche Gesellschaft f\u00fcr technische Zusammenarbeit (gtz) European Union (SUFFICE &#8211; Support Feasible Financial Institutions and Capacity-building Efforts) Fundaci\u00f3n Bienestar Humano Fundaci\u00f3n Integrar Fundaci\u00f3n Social Fundaci\u00f3n SODIS Fundaunib\u00e1n ILO International Labor Organization, Uganda Kanton Zug, Finanzdirektion Lucerne University of Applied Sciences and Arts RIS \u2013 Regional Innovation Strategies SNV (Netherlands Development Organization) Swedish International Development Agency (Sida) Swissaid Foundation Swisscontact Foundation UBS Optimus Foundation USAID \u2013 U.S. Agency of International Development Yinthway Foundation<\/p>\n","protected":false},"author":1,"featured_media":0,"parent":0,"menu_order":0,"comment_status":"open","ping_status":"open","template":"","meta":[],"_links":{"self":[{"href":"https:\/\/www.aidgovernance.org\/aidgovernance\/e\/wp-json\/wp\/v2\/pages\/230"}],"collection":[{"href":"https:\/\/www.aidgovernance.org\/aidgovernance\/e\/wp-json\/wp\/v2\/pages"}],"about":[{"href":"https:\/\/www.aidgovernance.org\/aidgovernance\/e\/wp-json\/wp\/v2\/types\/page"}],"author":[{"embeddable":true,"href":"https:\/\/www.aidgovernance.org\/aidgovernance\/e\/wp-json\/wp\/v2\/users\/1"}],"replies":[{"embeddable":true,"href":"https:\/\/www.aidgovernance.org\/aidgovernance\/e\/wp-json\/wp\/v2\/comments?post=230"}],"version-history":[{"count":5,"href":"https:\/\/www.aidgovernance.org\/aidgovernance\/e\/wp-json\/wp\/v2\/pages\/230\/revisions"}],"predecessor-version":[{"id":275,"href":"https:\/\/www.aidgovernance.org\/aidgovernance\/e\/wp-json\/wp\/v2\/pages\/230\/revisions\/275"}],"wp:attachment":[{"href":"https:\/\/www.aidgovernance.org\/aidgovernance\/e\/wp-json\/wp\/v2\/media?parent=230"}],"curies":[{"name":"wp","href":"https:\/\/api.w.org\/{rel}","templated":true}]}}